{"id":3,"date":"2023-02-28T10:16:35","date_gmt":"2023-02-28T09:16:35","guid":{"rendered":"http:\/\/lafagotiere.fr\/?page_id=3"},"modified":"2023-05-24T10:45:03","modified_gmt":"2023-05-24T08:45:03","slug":"politique-confidentialite","status":"publish","type":"page","link":"https:\/\/lafagotiere.fr\/en\/politique-confidentialite\/","title":{"rendered":"Privacy Policy"},"content":{"rendered":"<p>[et_pb_section fb_built=\u00a0\u00bb1&Prime; custom_padding_last_edited=\u00a0\u00bbon|desktop\u00a0\u00bb _builder_version=\u00a0\u00bb4.20.4&Prime; _module_preset=\u00a0\u00bbdefault\u00a0\u00bb background_enable_color=\u00a0\u00bboff\u00a0\u00bb background_image=\u00a0\u00bbhttp:\/\/lafagotiere.fr\/wp-content\/uploads\/2023\/04\/Politique-de-confidentialite-domaine-de-la-fagotiere-a-orange.jpg\u00a0\u00bb parallax=\u00a0\u00bbon\u00a0\u00bb height=\u00a0\u00bb70vh\u00a0\u00bb height_tablet=\u00a0\u00bb50vh\u00a0\u00bb height_phone=\u00a0\u00bb70vh\u00a0\u00bb height_last_edited=\u00a0\u00bbon|phone\u00a0\u00bb max_height=\u00a0\u00bb100%\u00a0\u00bb custom_padding=\u00a0\u00bb10vw||||false|false\u00a0\u00bb custom_padding_tablet=\u00a0\u00bb25vw||||false|false\u00a0\u00bb custom_padding_phone=\u00a0\u00bb25vw||||false|false\u00a0\u00bb global_colors_info=\u00a0\u00bb{}\u00a0\u00bb admin_label=\u00a0\u00bbEn-t\u00eate o\u00f9 changer la photo de fond\u00a0\u00bb][et_pb_row _builder_version=\u00a0\u00bb4.20.4&Prime; _module_preset=\u00a0\u00bbdefault\u00a0\u00bb max_width=\u00a0\u00bb100%\u00a0\u00bb custom_padding=\u00a0\u00bb||||false|false\u00a0\u00bb global_colors_info=\u00a0\u00bb{}\u00a0\u00bb][et_pb_column type=\u00a0\u00bb4_4&Prime; _builder_version=\u00a0\u00bb4.16&Prime; _module_preset=\u00a0\u00bbdefault\u00a0\u00bb global_colors_info=\u00a0\u00bb{}\u00a0\u00bb][et_pb_text _builder_version=\u00a0\u00bb4.20.4&Prime; _module_preset=\u00a0\u00bbdefault\u00a0\u00bb header_font=\u00a0\u00bbAmiri|700||on|||||\u00a0\u00bb header_text_align=\u00a0\u00bbcenter\u00a0\u00bb header_text_color=\u00a0\u00bb#ffffff\u00a0\u00bb header_font_size=\u00a0\u00bb400%\u00a0\u00bb header_2_font=\u00a0\u00bbMontserrat||||||||\u00a0\u00bb header_2_text_align=\u00a0\u00bbcenter\u00a0\u00bb header_2_text_color=\u00a0\u00bb#ffffff\u00a0\u00bb header_2_font_size=\u00a0\u00bb160%\u00a0\u00bb header_4_font=\u00a0\u00bbMontserrat||||||||\u00a0\u00bb header_4_text_align=\u00a0\u00bbcenter\u00a0\u00bb header_4_text_color=\u00a0\u00bb#ffffff\u00a0\u00bb header_4_font_size=\u00a0\u00bb150%\u00a0\u00bb custom_margin=\u00a0\u00bb||0vw||false|false\u00a0\u00bb custom_padding=\u00a0\u00bb||0vw||false|false\u00a0\u00bb header_text_shadow_style=\u00a0\u00bbpreset1&Prime; header_2_text_shadow_style=\u00a0\u00bbpreset1&Prime; header_4_text_shadow_style=\u00a0\u00bbpreset1&Prime; global_colors_info=\u00a0\u00bb{}\u00a0\u00bb admin_label=\u00a0\u00bbTitre Politique de confidentialit\u00e9\u00a0\u00bb]<\/p>\n<h2>Domaine de la Fagoti\u00e8re<\/h2>\n<h1>Privacy Policy<\/h1>\n<p>[\/et_pb_text][et_pb_button button_url=\u00a0\u00bbhttp:\/\/lafagotiere.fr\/nos-vins\/\u00a0\u00bb button_text=\u00a0\u00bbNos vins\u00a0\u00bb button_alignment=\u00a0\u00bbcenter\u00a0\u00bb _builder_version=\u00a0\u00bb4.20.4&Prime; custom_button=\u00a0\u00bbon\u00a0\u00bb button_text_size=\u00a0\u00bb115%\u00a0\u00bb button_text_color=\u00a0\u00bb#ffffff\u00a0\u00bb button_bg_color=\u00a0\u00bb#B0976D\u00a0\u00bb button_border_width=\u00a0\u00bb0vw\u00a0\u00bb button_border_color=\u00a0\u00bbrgba(0,0,0,0)\u00a0\u00bb button_border_radius=\u00a0\u00bb1vw\u00a0\u00bb button_letter_spacing=\u00a0\u00bb0vw\u00a0\u00bb button_font=\u00a0\u00bbMontserrat|600||on|||||\u00a0\u00bb button_icon=\u00a0\u00bb&#x3d;||divi||400&Prime; button_icon_color=\u00a0\u00bb#ffffff\u00a0\u00bb custom_margin=\u00a0\u00bb||||false|false\u00a0\u00bb custom_margin_tablet=\u00a0\u00bb-10px||||false|false\u00a0\u00bb custom_margin_phone=\u00a0\u00bb-10px||||false|false\u00a0\u00bb custom_margin_last_edited=\u00a0\u00bboff|phone\u00a0\u00bb custom_padding=\u00a0\u00bb1vw|2vw|1vw|2vw|true|true\u00a0\u00bb custom_padding_tablet=\u00a0\u00bb2vw|3vw|2vw|3vw|true|true\u00a0\u00bb custom_padding_phone=\u00a0\u00bb3vw|4vw|3vw|4vw|true|true\u00a0\u00bb custom_padding_last_edited=\u00a0\u00bbon|desktop\u00a0\u00bb global_colors_info=\u00a0\u00bb{}\u00a0\u00bb button_text_color__hover_enabled=\u00a0\u00bboff|desktop\u00a0\u00bb button_text_color__hover=\u00a0\u00bb#B0976D\u00a0\u00bb button_bg_color__hover_enabled=\u00a0\u00bboff|desktop\u00a0\u00bb button_bg_color__hover=\u00a0\u00bbrgba(0,0,0,0)\u00a0\u00bb button_bg_enable_color__hover=\u00a0\u00bbon\u00a0\u00bb button_border_color__hover_enabled=\u00a0\u00bboff|desktop\u00a0\u00bb button_border_color__hover=\u00a0\u00bb#B0976D\u00a0\u00bb button_letter_spacing__hover_enabled=\u00a0\u00bboff|desktop\u00a0\u00bb button_letter_spacing__hover=\u00a0\u00bb2px\u00a0\u00bb admin_label=\u00a0\u00bbBouton nos vins\u00a0\u00bb][\/et_pb_button][\/et_pb_column][\/et_pb_row][\/et_pb_section][et_pb_section fb_built=\u00a0\u00bb1&Prime; _builder_version=\u00a0\u00bb4.20.4&Prime; _module_preset=\u00a0\u00bbdefault\u00a0\u00bb global_colors_info=\u00a0\u00bb{}\u00a0\u00bb][et_pb_row make_equal=\u00a0\u00bbon\u00a0\u00bb _builder_version=\u00a0\u00bb4.20.4&Prime; _module_preset=\u00a0\u00bbdefault\u00a0\u00bb width_tablet=\u00a0\u00bb90%\u00a0\u00bb width_phone=\u00a0\u00bb95%\u00a0\u00bb width_last_edited=\u00a0\u00bbon|phone\u00a0\u00bb max_width=\u00a0\u00bb100%\u00a0\u00bb global_colors_info=\u00a0\u00bb{}\u00a0\u00bb][et_pb_column type=\u00a0\u00bb4_4&Prime; _builder_version=\u00a0\u00bb4.16&Prime; _module_preset=\u00a0\u00bbdefault\u00a0\u00bb global_colors_info=\u00a0\u00bb{}\u00a0\u00bb][et_pb_text _builder_version=\u00a0\u00bb4.20.4&Prime; _module_preset=\u00a0\u00bbdefault\u00a0\u00bb text_font=\u00a0\u00bbMontserrat||||||||\u00a0\u00bb text_text_color=\u00a0\u00bb#969696&Prime; text_font_size=\u00a0\u00bb115%\u00a0\u00bb link_font=\u00a0\u00bbMontserrat||||||||\u00a0\u00bb link_text_color=\u00a0\u00bb#b0976d\u00a0\u00bb link_font_size=\u00a0\u00bb115%\u00a0\u00bb header_4_font=\u00a0\u00bbMontserrat||||||||\u00a0\u00bb header_4_text_align=\u00a0\u00bbleft\u00a0\u00bb header_4_text_color=\u00a0\u00bb#b0976d\u00a0\u00bb header_4_font_size=\u00a0\u00bb130%\u00a0\u00bb header_4_text_align_tablet=\u00a0\u00bbcenter\u00a0\u00bb header_4_text_align_phone=\u00a0\u00bbcenter\u00a0\u00bb header_4_text_align_last_edited=\u00a0\u00bbon|phone\u00a0\u00bb text_orientation_tablet=\u00a0\u00bbcenter\u00a0\u00bb text_orientation_phone=\u00a0\u00bb\u00a0\u00bb text_orientation_last_edited=\u00a0\u00bbon|desktop\u00a0\u00bb global_colors_info=\u00a0\u00bb{}\u00a0\u00bb admin_label=\u00a0\u00bbTexte de la politique de confidentialit\u00e9\u00a0\u00bb]<\/p>\n<h4>The following privacy policy is intended to explain why we need this data and how we use it. However, if you have any questions about the protection of your personal information, please send us an e-mail to the following address : <a class=\"rcmContactAddress\" title=\"la-fagotiere@orange.fr\" href=\"mailto:la-fagotiere@orange.fr\">la-fagotiere[@]orange.fr<\/a>. Or via the contact form.<\/h4>\n<p>&nbsp;<\/p>\n<p>In France, personal data is notably protected by law n\u00b0 78-87 of 6 January 1978, law n\u00b0 2004-801 of 6 August 2004, article L. 226-13 of the Penal Code and the European Directive of 24 October 1995.<\/p>\n<p>When using the <a href=\"https:\/\/lafagotiere.fr\/en\/\">lafagotiere.fr,<\/a> , the following information may be collected : the URL of the links through which the user accessed the <a href=\"https:\/\/lafagotiere.fr\/en\/\">lafagotiere.fr,<\/a>the user's access provider, and the user's Internet protocol (IP) address.<\/p>\n<p>In any case, the Domaine of la Fagoti\u00e8re only collects personal information about the user for the purpose of certain services offered by <a href=\"https:\/\/lafagotiere.fr\/en\/\">lafagotiere.fr,<\/a>The user provides this information with full knowledge of the facts, particularly when he\/she enters it. The user of <a href=\"https:\/\/lafagotiere.fr\/en\/\">lafagotiere.fr,<\/a> is then informed whether or not he\/she is required to provide this information.<\/p>\n<p>In accordance with the provisions of articles 38 and following of the law 78-17 of January 6, 1978 relating to Data processing, Files and Freedoms, you have a right of access, of modification, correction and suppression of the personal data which concern you. To do this, you can make a request to us by contacting us either by e-mail at <a class=\"rcmContactAddress\" title=\"la-fagotiere@orange.fr\" href=\"mailto:la-fagotiere@orange.fr\">la-fagotiere[@]orange.fr<\/a>.<\/p>\n<p>No personal information of the user of <a href=\"https:\/\/lafagotiere.fr\/en\/\">lafagotiere.fr,<\/a> is published without the user's knowledge, exchanged, transferred, ceded or sold on any medium to third parties. Only the assumption of the repurchase of the Domaine de la Fagoti\u00e8re and its rights would allow the transmission of the aforementioned information to the possible purchaser who would be in turn held of the same obligation of conservation and modification of the data with respect to the user of <a href=\"https:\/\/lafagotiere.fr\/en\/\">lafagotiere.fr,<\/a>.<\/p>\n<p>[\/et_pb_text][\/et_pb_column][\/et_pb_row][\/et_pb_section]<\/p>","protected":false},"excerpt":{"rendered":"<p>Domaine de la Fagoti\u00e8re Politique de confidentialit\u00e9La politique de confidentialit\u00e9 qui suit a pour but d\u2019expliquer pourquoi nous avons besoin de ces donn\u00e9es et comment nous les utilisons. Si toutefois vous avez des questions sur la protection de vos informations personnelles, envoyez-nous un e-mail \u00e0 l\u2019adresse mail suivante : la-fagotiere[@]orange.fr. Ou via le formulaire de [&hellip;]<\/p>","protected":false},"author":1,"featured_media":0,"parent":0,"menu_order":0,"comment_status":"closed","ping_status":"closed","template":"","meta":{"_et_pb_use_builder":"on","_et_pb_old_content":"<p><strong>La politique de confidentialit\u00e9 qui suit a pour but d\u2019expliquer pourquoi nous avons besoin de ces donn\u00e9es et comment nous les utilisons.Si toutefois vous avez des questions sur la protection de vos informations personnelles, envoyez-nous un e-mail \u00e0 l\u2019adresse mail suivante : <a href=\"mailto:EMAIL\">EMAIL<\/a>. Ou via le formulaire de contact.<\/strong><\/p><p>En France, les donn\u00e9es personnelles sont notamment prot\u00e9g\u00e9es par la loi n\u00b0 78-87 du 6 janvier 1978, la loi n\u00b0 2004-801 du 6 ao\u00fbt 2004, l\u2019article L. 226-13 du Code p\u00e9nal et la Directive Europ\u00e9enne du 24 octobre 1995.<br \/>\u00c0 l\u2019occasion de l\u2019utilisation du site <a href=\"URL\">URL<\/a> peuvent \u00eatres recueillies : l\u2019URL des liens par l\u2019interm\u00e9diaire desquels l\u2019utilisateur a acc\u00e9d\u00e9 au site <a href=\"URL\">URL<\/a>, le fournisseur d\u2019acc\u00e8s de l\u2019utilisateur, l\u2019adresse de protocole Internet (IP) de l\u2019utilisateur.<br \/>En tout \u00e9tat de cause NOM-SOCIETE ne collecte des informations personnelles relatives \u00e0 l\u2019utilisateur que pour le besoin de certains services propos\u00e9s par le site <a href=\"URL\">URL<\/a>. Notamment pour le traitement et le suivi des commandes effectu\u00e9es via le site. L\u2019utilisateur fournit ces informations en toute connaissance de cause, notamment lorsqu\u2019il proc\u00e8de par lui-m\u00eame \u00e0 leur saisie. Il est alors pr\u00e9cis\u00e9 \u00e0 l\u2019utilisateur du site <a href=\"URL\">URL<\/a> l\u2019obligation ou non de fournir ces informations.<\/p><p>Conform\u00e9ment aux dispositions des articles 38 et suivants de la loi 78-17 du 6 janvier 1978 relative \u00e0 l\u2019Informatique, aux Fichiers et aux Libert\u00e9s, Vous disposez d\u2019un droit d\u2019acc\u00e8s, de modification, de rectification et de suppression des donn\u00e9es personnelles qui vous concernent. Pour cela, vous pouvez nous en faire la demande en nous contactant soit par e-mail \u00e0 l\u2019adresse <a href=\"mailto:EMAIL\">EMAIL<\/a> ou par courrier et sign\u00e9e, accompagn\u00e9e d\u2019une copie du titre d\u2019identit\u00e9 avec signature du titulaire de la pi\u00e8ce \u00e0 l\u2019adresse suivante : ADRESSE-SOCIETE. Aucune information personnelle de l\u2019Utilisateur du site <a href=\"URL\">URL<\/a> n\u2019est publi\u00e9e \u00e0 l\u2019insu de l\u2019utilisateur, \u00e9chang\u00e9e, transf\u00e9r\u00e9e, c\u00e9d\u00e9e ou vendue sur un support quelconque \u00e0 des tiers. Seule l\u2019hypoth\u00e8se du rachat de NOM-SOCIETE et de ses droits permettrait la transmission des dites informations \u00e0 l\u2019\u00e9ventuel acqu\u00e9reur qui serait \u00e0 son tour tenu de la m\u00eame obligation de conservation et de modification des donn\u00e9es vis \u00e0 vis de l\u2019utilisateur du site <a href=\"URL\">URL<\/a>.<\/p>","_et_gb_content_width":"","footnotes":""},"class_list":["post-3","page","type-page","status-publish","hentry"],"yoast_head":"<!-- This site is optimized with the Yoast SEO plugin v22.7 - https:\/\/yoast.com\/wordpress\/plugins\/seo\/ -->\n<title>Politique de confidentialit\u00e9 - Domaine de la fagoti\u00e8re<\/title>\n<meta name=\"description\" content=\"Politique de confidentialit\u00e9 du Domaine de la Fagoti\u00e8re . Elle vous explique pourquoi et comment nous utilisons vos donn\u00e9es personnelles.\" \/>\n<meta name=\"robots\" content=\"noindex, follow\" \/>\n<meta property=\"og:locale\" content=\"en_GB\" \/>\n<meta property=\"og:type\" content=\"article\" \/>\n<meta property=\"og:title\" content=\"Politique de confidentialit\u00e9 - Domaine de la fagoti\u00e8re\" \/>\n<meta property=\"og:description\" content=\"Politique de confidentialit\u00e9 du Domaine de la Fagoti\u00e8re . Elle vous explique pourquoi et comment nous utilisons vos donn\u00e9es personnelles.\" \/>\n<meta property=\"og:url\" content=\"https:\/\/lafagotiere.fr\/en\/politique-confidentialite\/\" \/>\n<meta property=\"og:site_name\" content=\"Domaine de la fagoti\u00e8re\" \/>\n<meta property=\"article:modified_time\" content=\"2023-05-24T08:45:03+00:00\" \/>\n<meta name=\"twitter:card\" content=\"summary_large_image\" \/>\n<meta name=\"twitter:label1\" content=\"Estimated reading time\" \/>\n\t<meta name=\"twitter:data1\" content=\"3 minutes\" \/>\n<script type=\"application\/ld+json\" class=\"yoast-schema-graph\">{\"@context\":\"https:\/\/schema.org\",\"@graph\":[{\"@type\":\"WebPage\",\"@id\":\"https:\/\/lafagotiere.fr\/politique-confidentialite\/\",\"url\":\"https:\/\/lafagotiere.fr\/politique-confidentialite\/\",\"name\":\"Politique de confidentialit\u00e9 - Domaine de la fagoti\u00e8re\",\"isPartOf\":{\"@id\":\"https:\/\/lafagotiere.fr\/#website\"},\"datePublished\":\"2023-02-28T09:16:35+00:00\",\"dateModified\":\"2023-05-24T08:45:03+00:00\",\"description\":\"Politique de confidentialit\u00e9 du Domaine de la Fagoti\u00e8re . Elle vous explique pourquoi et comment nous utilisons vos donn\u00e9es personnelles.\",\"breadcrumb\":{\"@id\":\"https:\/\/lafagotiere.fr\/politique-confidentialite\/#breadcrumb\"},\"inLanguage\":\"en-GB\",\"potentialAction\":[{\"@type\":\"ReadAction\",\"target\":[\"https:\/\/lafagotiere.fr\/politique-confidentialite\/\"]}]},{\"@type\":\"BreadcrumbList\",\"@id\":\"https:\/\/lafagotiere.fr\/politique-confidentialite\/#breadcrumb\",\"itemListElement\":[{\"@type\":\"ListItem\",\"position\":1,\"name\":\"Accueil\",\"item\":\"https:\/\/lafagotiere.fr\/\"},{\"@type\":\"ListItem\",\"position\":2,\"name\":\"Politique de confidentialit\u00e9\"}]},{\"@type\":\"WebSite\",\"@id\":\"https:\/\/lafagotiere.fr\/#website\",\"url\":\"https:\/\/lafagotiere.fr\/\",\"name\":\"Domaine de la fagoti\u00e8re\",\"description\":\"Site r\u00e9alis\u00e9 par Curtis Com\",\"publisher\":{\"@id\":\"https:\/\/lafagotiere.fr\/#organization\"},\"potentialAction\":[{\"@type\":\"SearchAction\",\"target\":{\"@type\":\"EntryPoint\",\"urlTemplate\":\"https:\/\/lafagotiere.fr\/?s={search_term_string}\"},\"query-input\":\"required name=search_term_string\"}],\"inLanguage\":\"en-GB\"},{\"@type\":\"Organization\",\"@id\":\"https:\/\/lafagotiere.fr\/#organization\",\"name\":\"Domaine de la fagoti\u00e8re\",\"url\":\"https:\/\/lafagotiere.fr\/\",\"logo\":{\"@type\":\"ImageObject\",\"inLanguage\":\"en-GB\",\"@id\":\"https:\/\/lafagotiere.fr\/#\/schema\/logo\/image\/\",\"url\":\"https:\/\/lafagotiere.fr\/wp-content\/uploads\/2023\/05\/favicon-domaine-de-la-fagotiere-aoc-chateauneuf-du-pape-a-orange-84.jpg\",\"contentUrl\":\"https:\/\/lafagotiere.fr\/wp-content\/uploads\/2023\/05\/favicon-domaine-de-la-fagotiere-aoc-chateauneuf-du-pape-a-orange-84.jpg\",\"width\":500,\"height\":500,\"caption\":\"Domaine de la fagoti\u00e8re\"},\"image\":{\"@id\":\"https:\/\/lafagotiere.fr\/#\/schema\/logo\/image\/\"}}]}<\/script>\n<!-- \/ Yoast SEO plugin. -->","yoast_head_json":{"title":"Politique de confidentialit\u00e9 - Domaine de la fagoti\u00e8re","description":"Politique de confidentialit\u00e9 du Domaine de la Fagoti\u00e8re . Elle vous explique pourquoi et comment nous utilisons vos donn\u00e9es personnelles.","robots":{"index":"noindex","follow":"follow"},"og_locale":"en_GB","og_type":"article","og_title":"Politique de confidentialit\u00e9 - Domaine de la fagoti\u00e8re","og_description":"Politique de confidentialit\u00e9 du Domaine de la Fagoti\u00e8re . Elle vous explique pourquoi et comment nous utilisons vos donn\u00e9es personnelles.","og_url":"https:\/\/lafagotiere.fr\/en\/politique-confidentialite\/","og_site_name":"Domaine de la fagoti\u00e8re","article_modified_time":"2023-05-24T08:45:03+00:00","twitter_card":"summary_large_image","twitter_misc":{"Estimated reading time":"3 minutes"},"schema":{"@context":"https:\/\/schema.org","@graph":[{"@type":"WebPage","@id":"https:\/\/lafagotiere.fr\/politique-confidentialite\/","url":"https:\/\/lafagotiere.fr\/politique-confidentialite\/","name":"Politique de confidentialit\u00e9 - Domaine de la fagoti\u00e8re","isPartOf":{"@id":"https:\/\/lafagotiere.fr\/#website"},"datePublished":"2023-02-28T09:16:35+00:00","dateModified":"2023-05-24T08:45:03+00:00","description":"Politique de confidentialit\u00e9 du Domaine de la Fagoti\u00e8re . Elle vous explique pourquoi et comment nous utilisons vos donn\u00e9es personnelles.","breadcrumb":{"@id":"https:\/\/lafagotiere.fr\/politique-confidentialite\/#breadcrumb"},"inLanguage":"en-GB","potentialAction":[{"@type":"ReadAction","target":["https:\/\/lafagotiere.fr\/politique-confidentialite\/"]}]},{"@type":"BreadcrumbList","@id":"https:\/\/lafagotiere.fr\/politique-confidentialite\/#breadcrumb","itemListElement":[{"@type":"ListItem","position":1,"name":"Accueil","item":"https:\/\/lafagotiere.fr\/"},{"@type":"ListItem","position":2,"name":"Politique de confidentialit\u00e9"}]},{"@type":"WebSite","@id":"https:\/\/lafagotiere.fr\/#website","url":"https:\/\/lafagotiere.fr\/","name":"Domaine de la fagoti\u00e8re","description":"Site r\u00e9alis\u00e9 par Curtis Com","publisher":{"@id":"https:\/\/lafagotiere.fr\/#organization"},"potentialAction":[{"@type":"SearchAction","target":{"@type":"EntryPoint","urlTemplate":"https:\/\/lafagotiere.fr\/?s={search_term_string}"},"query-input":"required name=search_term_string"}],"inLanguage":"en-GB"},{"@type":"Organization","@id":"https:\/\/lafagotiere.fr\/#organization","name":"Domaine de la fagoti\u00e8re","url":"https:\/\/lafagotiere.fr\/","logo":{"@type":"ImageObject","inLanguage":"en-GB","@id":"https:\/\/lafagotiere.fr\/#\/schema\/logo\/image\/","url":"https:\/\/lafagotiere.fr\/wp-content\/uploads\/2023\/05\/favicon-domaine-de-la-fagotiere-aoc-chateauneuf-du-pape-a-orange-84.jpg","contentUrl":"https:\/\/lafagotiere.fr\/wp-content\/uploads\/2023\/05\/favicon-domaine-de-la-fagotiere-aoc-chateauneuf-du-pape-a-orange-84.jpg","width":500,"height":500,"caption":"Domaine de la fagoti\u00e8re"},"image":{"@id":"https:\/\/lafagotiere.fr\/#\/schema\/logo\/image\/"}}]}},"_links":{"self":[{"href":"https:\/\/lafagotiere.fr\/en\/wp-json\/wp\/v2\/pages\/3","targetHints":{"allow":["GET"]}}],"collection":[{"href":"https:\/\/lafagotiere.fr\/en\/wp-json\/wp\/v2\/pages"}],"about":[{"href":"https:\/\/lafagotiere.fr\/en\/wp-json\/wp\/v2\/types\/page"}],"author":[{"embeddable":true,"href":"https:\/\/lafagotiere.fr\/en\/wp-json\/wp\/v2\/users\/1"}],"replies":[{"embeddable":true,"href":"https:\/\/lafagotiere.fr\/en\/wp-json\/wp\/v2\/comments?post=3"}],"version-history":[{"count":2,"href":"https:\/\/lafagotiere.fr\/en\/wp-json\/wp\/v2\/pages\/3\/revisions"}],"predecessor-version":[{"id":71829,"href":"https:\/\/lafagotiere.fr\/en\/wp-json\/wp\/v2\/pages\/3\/revisions\/71829"}],"wp:attachment":[{"href":"https:\/\/lafagotiere.fr\/en\/wp-json\/wp\/v2\/media?parent=3"}],"curies":[{"name":"wp","href":"https:\/\/api.w.org\/{rel}","templated":true}]}}