{"id":406,"date":"2023-03-09T16:13:36","date_gmt":"2023-03-09T15:13:36","guid":{"rendered":"http:\/\/lafagotiere.fr\/?page_id=406"},"modified":"2023-05-24T10:42:59","modified_gmt":"2023-05-24T08:42:59","slug":"mentions-legales","status":"publish","type":"page","link":"https:\/\/lafagotiere.fr\/en\/mentions-legales\/","title":{"rendered":"Legal Notice"},"content":{"rendered":"<p>[et_pb_section fb_built=\u00a0\u00bb1&Prime; custom_padding_last_edited=\u00a0\u00bbon|desktop\u00a0\u00bb _builder_version=\u00a0\u00bb4.20.4&Prime; _module_preset=\u00a0\u00bbdefault\u00a0\u00bb background_enable_color=\u00a0\u00bboff\u00a0\u00bb background_image=\u00a0\u00bbhttp:\/\/lafagotiere.fr\/wp-content\/uploads\/2023\/04\/mentions-legales-domaine-de-la-fagotiere-aoc-chateauneuf-du-pape-et-cotes-du-rhone-a-orange.jpg\u00a0\u00bb parallax=\u00a0\u00bbon\u00a0\u00bb height=\u00a0\u00bb70vh\u00a0\u00bb height_tablet=\u00a0\u00bb50vh\u00a0\u00bb height_phone=\u00a0\u00bb70vh\u00a0\u00bb height_last_edited=\u00a0\u00bbon|phone\u00a0\u00bb max_height=\u00a0\u00bb100%\u00a0\u00bb custom_padding=\u00a0\u00bb10vw||||false|false\u00a0\u00bb custom_padding_tablet=\u00a0\u00bb25vw||||false|false\u00a0\u00bb custom_padding_phone=\u00a0\u00bb25vw||||false|false\u00a0\u00bb global_colors_info=\u00a0\u00bb{}\u00a0\u00bb admin_label=\u00a0\u00bbEn t\u00eate o\u00f9 changer la photo de fond\u00a0\u00bb][et_pb_row _builder_version=\u00a0\u00bb4.20.4&Prime; _module_preset=\u00a0\u00bbdefault\u00a0\u00bb max_width=\u00a0\u00bb100%\u00a0\u00bb custom_padding=\u00a0\u00bb||||false|false\u00a0\u00bb global_colors_info=\u00a0\u00bb{}\u00a0\u00bb][et_pb_column type=\u00a0\u00bb4_4&Prime; _builder_version=\u00a0\u00bb4.16&Prime; _module_preset=\u00a0\u00bbdefault\u00a0\u00bb global_colors_info=\u00a0\u00bb{}\u00a0\u00bb][et_pb_text _builder_version=\u00a0\u00bb4.20.4&Prime; _module_preset=\u00a0\u00bbdefault\u00a0\u00bb header_font=\u00a0\u00bbAmiri|700||on|||||\u00a0\u00bb header_text_align=\u00a0\u00bbcenter\u00a0\u00bb header_text_color=\u00a0\u00bb#ffffff\u00a0\u00bb header_font_size=\u00a0\u00bb400%\u00a0\u00bb header_2_font=\u00a0\u00bbMontserrat||||||||\u00a0\u00bb header_2_text_align=\u00a0\u00bbcenter\u00a0\u00bb header_2_text_color=\u00a0\u00bb#ffffff\u00a0\u00bb header_2_font_size=\u00a0\u00bb160%\u00a0\u00bb header_4_font=\u00a0\u00bbMontserrat||||||||\u00a0\u00bb header_4_text_align=\u00a0\u00bbcenter\u00a0\u00bb header_4_text_color=\u00a0\u00bb#ffffff\u00a0\u00bb header_4_font_size=\u00a0\u00bb150%\u00a0\u00bb custom_margin=\u00a0\u00bb||0vw||false|false\u00a0\u00bb custom_padding=\u00a0\u00bb||0vw||false|false\u00a0\u00bb header_text_shadow_style=\u00a0\u00bbpreset1&Prime; header_2_text_shadow_style=\u00a0\u00bbpreset1&Prime; header_4_text_shadow_style=\u00a0\u00bbpreset1&Prime; global_colors_info=\u00a0\u00bb{}\u00a0\u00bb admin_label=\u00a0\u00bbTitre mentions l\u00e9gales\u00a0\u00bb]<\/p>\n<h2>Domaine de la Fagoti\u00e8re<\/h2>\n<h1>Legal information<\/h1>\n<p>[\/et_pb_text][et_pb_button button_url=\u00a0\u00bbhttp:\/\/lafagotiere.fr\/nos-vins\/\u00a0\u00bb button_text=\u00a0\u00bbNos vins\u00a0\u00bb button_alignment=\u00a0\u00bbcenter\u00a0\u00bb _builder_version=\u00a0\u00bb4.20.4&Prime; custom_button=\u00a0\u00bbon\u00a0\u00bb button_text_size=\u00a0\u00bb115%\u00a0\u00bb button_text_color=\u00a0\u00bb#ffffff\u00a0\u00bb button_bg_color=\u00a0\u00bb#B0976D\u00a0\u00bb button_border_width=\u00a0\u00bb0vw\u00a0\u00bb button_border_color=\u00a0\u00bbrgba(0,0,0,0)\u00a0\u00bb button_border_radius=\u00a0\u00bb1vw\u00a0\u00bb button_letter_spacing=\u00a0\u00bb0vw\u00a0\u00bb button_font=\u00a0\u00bbMontserrat|600||on|||||\u00a0\u00bb button_icon=\u00a0\u00bb&#x3d;||divi||400&Prime; button_icon_color=\u00a0\u00bb#ffffff\u00a0\u00bb custom_margin=\u00a0\u00bb||||false|false\u00a0\u00bb custom_margin_tablet=\u00a0\u00bb-10px||||false|false\u00a0\u00bb custom_margin_phone=\u00a0\u00bb-10px||||false|false\u00a0\u00bb custom_margin_last_edited=\u00a0\u00bboff|desktop\u00a0\u00bb custom_padding=\u00a0\u00bb1vw|2vw|1vw|2vw|true|true\u00a0\u00bb custom_padding_tablet=\u00a0\u00bb2vw|3vw|2vw|3vw|true|true\u00a0\u00bb custom_padding_phone=\u00a0\u00bb3vw|4vw|3vw|4vw|true|true\u00a0\u00bb custom_padding_last_edited=\u00a0\u00bbon|phone\u00a0\u00bb global_colors_info=\u00a0\u00bb{}\u00a0\u00bb button_text_color__hover_enabled=\u00a0\u00bboff|desktop\u00a0\u00bb button_text_color__hover=\u00a0\u00bb#B0976D\u00a0\u00bb button_bg_color__hover_enabled=\u00a0\u00bboff|desktop\u00a0\u00bb button_bg_color__hover=\u00a0\u00bbrgba(0,0,0,0)\u00a0\u00bb button_bg_enable_color__hover=\u00a0\u00bbon\u00a0\u00bb button_border_color__hover_enabled=\u00a0\u00bboff|desktop\u00a0\u00bb button_border_color__hover=\u00a0\u00bb#B0976D\u00a0\u00bb button_letter_spacing__hover_enabled=\u00a0\u00bboff|desktop\u00a0\u00bb button_letter_spacing__hover=\u00a0\u00bb2px\u00a0\u00bb admin_label=\u00a0\u00bbBouton nos vins\u00a0\u00bb][\/et_pb_button][\/et_pb_column][\/et_pb_row][\/et_pb_section][et_pb_section fb_built=\u00a0\u00bb1&Prime; _builder_version=\u00a0\u00bb4.20.4&Prime; _module_preset=\u00a0\u00bbdefault\u00a0\u00bb global_colors_info=\u00a0\u00bb{}\u00a0\u00bb][et_pb_row make_equal=\u00a0\u00bbon\u00a0\u00bb _builder_version=\u00a0\u00bb4.16&Prime; _module_preset=\u00a0\u00bbdefault\u00a0\u00bb width_tablet=\u00a0\u00bb90%\u00a0\u00bb width_phone=\u00a0\u00bb95%\u00a0\u00bb width_last_edited=\u00a0\u00bbon|phone\u00a0\u00bb max_width=\u00a0\u00bb100%\u00a0\u00bb global_colors_info=\u00a0\u00bb{}\u00a0\u00bb][et_pb_column type=\u00a0\u00bb4_4&Prime; _builder_version=\u00a0\u00bb4.16&Prime; _module_preset=\u00a0\u00bbdefault\u00a0\u00bb global_colors_info=\u00a0\u00bb{}\u00a0\u00bb][et_pb_text _builder_version=\u00a0\u00bb4.20.4&Prime; _module_preset=\u00a0\u00bbdefault\u00a0\u00bb text_font=\u00a0\u00bbMontserrat||||||||\u00a0\u00bb text_text_color=\u00a0\u00bb#969696&Prime; text_font_size=\u00a0\u00bb115%\u00a0\u00bb link_font=\u00a0\u00bbMontserrat||||||||\u00a0\u00bb link_text_color=\u00a0\u00bb#b0976d\u00a0\u00bb link_font_size=\u00a0\u00bb115%\u00a0\u00bb header_3_font=\u00a0\u00bbAmiri|700|||||||\u00a0\u00bb header_3_text_align=\u00a0\u00bbleft\u00a0\u00bb header_3_text_color=\u00a0\u00bb#000000&Prime; header_3_font_size=\u00a0\u00bb300%\u00a0\u00bb header_4_font=\u00a0\u00bbMontserrat||||||||\u00a0\u00bb header_4_text_align=\u00a0\u00bbleft\u00a0\u00bb header_4_text_color=\u00a0\u00bb#b0976d\u00a0\u00bb header_4_font_size=\u00a0\u00bb115%\u00a0\u00bb header_3_text_align_tablet=\u00a0\u00bbcenter\u00a0\u00bb header_3_text_align_phone=\u00a0\u00bb\u00a0\u00bb header_3_text_align_last_edited=\u00a0\u00bbon|phone\u00a0\u00bb header_4_text_align_tablet=\u00a0\u00bbcenter\u00a0\u00bb header_4_text_align_phone=\u00a0\u00bb\u00a0\u00bb header_4_text_align_last_edited=\u00a0\u00bbon|phone\u00a0\u00bb text_orientation_tablet=\u00a0\u00bbcenter\u00a0\u00bb text_orientation_phone=\u00a0\u00bb\u00a0\u00bb text_orientation_last_edited=\u00a0\u00bbon|phone\u00a0\u00bb global_colors_info=\u00a0\u00bb{}\u00a0\u00bb admin_label=\u00a0\u00bbTexte des mentions l\u00e9gales\u00a0\u00bb]<\/p>\n<h3>Identity<\/h3>\n<p>Website name : <a href=\"https:\/\/lafagotiere.fr\/en\/\">Domaine de la Fagoti\u00e8re<\/a> AOC Ch\u00e2teauneuf-du-Pape wines.<br \/>Address : <span class=\"w8qArf\">\u00a0<\/span><span class=\"LrzXr\">Impasse 554 CR.S46 Palestor, 84100 Orange<\/span><br \/>Owner: <a href=\"https:\/\/lafagotiere.fr\/en\/\">Domaine de la Fagoti\u00e8re<\/a><br \/>Design and production: <a href=\"http:\/\/curtiscom.fr\">CURTIS COM<\/a><br \/>Hosting: <a href=\"https:\/\/www.o2switch.fr\/\">O2SWITCH<\/a><\/p>\n<h3>Terms of use<\/h3>\n<p>The use of this site implies full acceptance of the general conditions of use described below. These conditions of use may be modified or completed at any time.<\/p>\n<h3>Information<\/h3>\n<p>The information and documents on the site are presented for information purposes only, are not exhaustive, and do not engage the responsibility of the site owner.<br \/>The owner of the site cannot be held responsible for any direct or indirect damage resulting from access to the site.<\/p>\n<h3>Interactivity<\/h3>\n<p>Users of the site can post content, appearing on the site in dedicated spaces (particularly via comments and\/or contact forms). The content submitted remains under the responsibility of its authors, who assume full legal responsibility for it.<br \/>The owner of the site nevertheless reserves the right to withdraw without notice and without justification any content posted by users that does not comply with the site's ethical charter or with the legislation in force.<\/p>\n<h3>Intellectual property rights<\/h3>\n<p>Unless otherwise stated, all elements accessible on the site (texts, images, graphics, logos, icons, sounds, software, etc.) remain the exclusive property of their authors, as far as intellectual property rights or rights of use are concerned.<br \/>Any reproduction, representation, modification, publication, adaptation of all or part of the elements of the site, whatever the means or the process used, is prohibited, except prior written authorization of the author.<br \/>Any unauthorised use of the site or of any of the elements it contains is considered as constituting an infringement and will be prosecuted.<br \/>The brands and logos reproduced on the site are registered by the companies that own them.<\/p>\n<h3>Links<\/h3>\n<h4>Outgoing links<\/h4>\n<p>The owner of the site declines all responsibility and is not committed by the referencing via hypertext links, of third party resources present on the Internet network, both with regard to their content and their relevance.<\/p>\n<h4>Incoming links<\/h4>\n<p>The owner of the site authorises hypertext links to any of the pages of this site, provided that these open a new window and are presented in an unequivocal manner in order to avoid<\/p>\n<ul>\n<li>any risk of confusion between the quoting site and the site owner,<\/li>\n<li>as well as any tendentious presentation, or contrary to the laws in force.<\/li>\n<\/ul>\n<p>The owner of the site reserves the right to request the removal of a link if he considers that the source site does not respect the rules thus defined.<\/p>\n<h3>Privacy<\/h3>\n<p>All users have the right to access, rectify and oppose any personal data concerning them, by making a written and signed request, accompanied by proof of identity.<\/p>\n<h3>Credits<\/h3>\n<p><a href=\"https:\/\/lafagotiere.fr\/en\/\">Domaine de la Fagoti\u00e8re<\/a> - Unsplash - Pexels<\/p>\n<p>[\/et_pb_text][\/et_pb_column][\/et_pb_row][\/et_pb_section]<\/p>","protected":false},"excerpt":{"rendered":"<p>Domaine de la Fagoti\u00e8re Mentions l\u00e9galesIdentit\u00e9 Nom du site web : Domaine de la Fagoti\u00e8re &#8211; Vins AOC Ch\u00e2teauneuf-du-Pape.Adresse : \u00a0Impasse 554 CR.S46 Palestor, 84100 OrangePropri\u00e9taire : Domaine de la Fagoti\u00e8reConception et r\u00e9alisation : CURTIS COMH\u00e9bergement : O2SWITCH Conditions d&rsquo;utilisation L\u2019utilisation du pr\u00e9sent site implique l\u2019acceptation pleine et enti\u00e8re des conditions g\u00e9n\u00e9rales d\u2019utilisation d\u00e9crites ci-apr\u00e8s. [&hellip;]<\/p>","protected":false},"author":1,"featured_media":0,"parent":0,"menu_order":0,"comment_status":"closed","ping_status":"closed","template":"","meta":{"_et_pb_use_builder":"on","_et_pb_old_content":"<h2>Identit\u00e9<\/h2>\r\n<strong>Nom du site web<\/strong> : NOM-SITE\r\n<strong>Adresse<\/strong> : <a href=\"URL\">URL<\/a>\r\n<strong>Propri\u00e9taire<\/strong> : NOM-PROPRIETAIRE\r\n<strong>Conception et r\u00e9alisation<\/strong> : <a href=\"https:\/\/www.curtiscom.fr\">CURTIS COM<\/a>\r\n<strong>H\u00e9bergement<\/strong> : <a href=\"https:\/\/www.o2switch.fr\/\">O2SWITCH<\/a>\r\n<h2>Personne morale<\/h2>\r\nRAISON-SOCIALE \u2013 FORME-JURIDIQUE au capital de XXX XXX euros \u2013 RCS XXXXXX \u2013 ADRESSE\r\n00.00.00.00.00. \u2013 EMAIL\r\n<h2>Conditions d\u2019utilisation<\/h2>\r\nL\u2019utilisation du pr\u00e9sent site implique l\u2019acceptation pleine et enti\u00e8re des conditions g\u00e9n\u00e9rales d\u2019utilisation d\u00e9crites ci-apr\u00e8s et des conditions g\u00e9n\u00e9rales de vente. Ces conditions d\u2019utilisation sont susceptibles d\u2019\u00eatre modifi\u00e9es ou compl\u00e9t\u00e9es \u00e0 tout moment.\r\n<h2>Informations<\/h2>\r\nLes informations et documents du site sont pr\u00e9sent\u00e9s \u00e0 titre indicatif, n\u2019ont pas de caract\u00e8re exhaustif, et ne peuvent engager la responsabilit\u00e9 du propri\u00e9taire du site.\r\nLe propri\u00e9taire du site ne peut \u00eatre tenu responsable des dommages directs et indirects cons\u00e9cutifs \u00e0 l\u2019acc\u00e8s au site.\r\n<h2>Interactivit\u00e9<\/h2>\r\nLes utilisateurs du site peuvent y d\u00e9poser du contenu, apparaissant sur le site dans des espaces d\u00e9di\u00e9s (notamment via les commentaires et\/ou les formulaires de contact). Le contenu d\u00e9pos\u00e9 reste sous la responsabilit\u00e9 de leurs auteurs, qui en assument pleinement l\u2019enti\u00e8re responsabilit\u00e9 juridique.\r\nLe propri\u00e9taire du site se r\u00e9serve n\u00e9anmoins le droit de retirer sans pr\u00e9avis et sans justification tout contenu d\u00e9pos\u00e9 par les utilisateurs qui ne satisferait pas \u00e0 la charte d\u00e9ontologique du site ou \u00e0 la l\u00e9gislation en vigueur.\r\n<h2>Propri\u00e9t\u00e9 intellectuelle<\/h2>\r\nSauf mention contraire, tous les \u00e9l\u00e9ments accessibles sur le site (textes, images, graphismes, logo, ic\u00f4nes, sons, logiciels, etc.) restent la propri\u00e9t\u00e9 exclusive de leurs auteurs, en ce qui concerne les droits de propri\u00e9t\u00e9 intellectuelle ou les droits d\u2019usage.\r\nToute reproduction, repr\u00e9sentation, modification, publication, adaptation de tout ou partie des \u00e9l\u00e9ments du site, quel que soit le moyen ou le proc\u00e9d\u00e9 utilis\u00e9, est interdite, sauf autorisation \u00e9crite pr\u00e9alable de l\u2019auteur.\r\nToute exploitation non autoris\u00e9e du site ou de l\u2019un quelconque des \u00e9l\u00e9ments qu\u2019il contient est consid\u00e9r\u00e9e comme constitutive d\u2019une contrefa\u00e7on et poursuivie.\r\nLes marques et logos reproduits sur le site sont d\u00e9pos\u00e9s par les soci\u00e9t\u00e9s qui en sont propri\u00e9taires.\r\n<h2>Liens<\/h2>\r\n<h3>Liens sortants<\/h3>\r\nLe propri\u00e9taire du site d\u00e9cline toute responsabilit\u00e9 et n\u2019est pas engag\u00e9 par le r\u00e9f\u00e9rencement via des liens hypertextes, de ressources tierces pr\u00e9sentes sur le r\u00e9seau Internet, tant en ce qui concerne leur contenu que leur pertinence.\r\n<h3>Liens entrants<\/h3>\r\nLe propri\u00e9taire du site autorise les liens hypertextes vers l\u2019une des pages de ce site, \u00e0 condition que ceux-ci ouvrent une nouvelle fen\u00eatre et soient pr\u00e9sent\u00e9s de mani\u00e8re non \u00e9quivoque afin d\u2019\u00e9viter :\r\n<ol>\r\n \t<li>tout risque de confusion entre le site citant et le propri\u00e9taire du site<\/li>\r\n \t<li>ainsi que toute pr\u00e9sentation tendancieuse, ou contraire aux lois en vigueur.<\/li>\r\n<\/ol>\r\nLe propri\u00e9taire du site se r\u00e9serve le droit de demander la suppression d\u2019un lien s\u2019il estime que le site source ne respecte pas les r\u00e8gles ainsi d\u00e9finies.\r\n<h2>Confidentialit\u00e9<\/h2>\r\nTout utilisateur dispose d\u2019un droit d\u2019acc\u00e8s, de rectification et d\u2019opposition aux donn\u00e9es personnelles le concernant, en effectuant sa demande \u00e9crite et sign\u00e9e, accompagn\u00e9e d\u2019une preuve d\u2019identit\u00e9.\r\n<h2>Cr\u00e9dits<\/h2>\r\nUnsplash \u2013 Pexel \u2013 Fournisseurs","_et_gb_content_width":"","footnotes":""},"class_list":["post-406","page","type-page","status-publish","hentry"],"yoast_head":"<!-- This site is optimized with the Yoast SEO plugin v22.7 - https:\/\/yoast.com\/wordpress\/plugins\/seo\/ -->\n<title>Mentions L\u00e9gales - Domaine de la fagoti\u00e8re<\/title>\n<meta name=\"description\" content=\"Mentions l\u00e9gales du domaine de la Fagoti\u00e8re. Vins AOC ch\u00e2teauneuf-du-Pape et C\u00f4tes du Rh\u00f4nes depuis 5 g\u00e9n\u00e9rations.\" \/>\n<meta name=\"robots\" content=\"noindex, follow\" \/>\n<meta property=\"og:locale\" content=\"en_GB\" \/>\n<meta property=\"og:type\" content=\"article\" \/>\n<meta property=\"og:title\" content=\"Mentions L\u00e9gales - Domaine de la fagoti\u00e8re\" \/>\n<meta property=\"og:description\" content=\"Mentions l\u00e9gales du domaine de la Fagoti\u00e8re. Vins AOC ch\u00e2teauneuf-du-Pape et C\u00f4tes du Rh\u00f4nes depuis 5 g\u00e9n\u00e9rations.\" \/>\n<meta property=\"og:url\" content=\"https:\/\/lafagotiere.fr\/en\/mentions-legales\/\" \/>\n<meta property=\"og:site_name\" content=\"Domaine de la fagoti\u00e8re\" \/>\n<meta property=\"article:modified_time\" content=\"2023-05-24T08:42:59+00:00\" \/>\n<meta name=\"twitter:card\" content=\"summary_large_image\" \/>\n<meta name=\"twitter:label1\" content=\"Estimated reading time\" \/>\n\t<meta name=\"twitter:data1\" content=\"4 minutes\" \/>\n<script type=\"application\/ld+json\" class=\"yoast-schema-graph\">{\"@context\":\"https:\/\/schema.org\",\"@graph\":[{\"@type\":\"WebPage\",\"@id\":\"https:\/\/lafagotiere.fr\/mentions-legales\/\",\"url\":\"https:\/\/lafagotiere.fr\/mentions-legales\/\",\"name\":\"Mentions L\u00e9gales - Domaine de la fagoti\u00e8re\",\"isPartOf\":{\"@id\":\"https:\/\/lafagotiere.fr\/#website\"},\"datePublished\":\"2023-03-09T15:13:36+00:00\",\"dateModified\":\"2023-05-24T08:42:59+00:00\",\"description\":\"Mentions l\u00e9gales du domaine de la Fagoti\u00e8re. Vins AOC ch\u00e2teauneuf-du-Pape et C\u00f4tes du Rh\u00f4nes depuis 5 g\u00e9n\u00e9rations.\",\"breadcrumb\":{\"@id\":\"https:\/\/lafagotiere.fr\/mentions-legales\/#breadcrumb\"},\"inLanguage\":\"en-GB\",\"potentialAction\":[{\"@type\":\"ReadAction\",\"target\":[\"https:\/\/lafagotiere.fr\/mentions-legales\/\"]}]},{\"@type\":\"BreadcrumbList\",\"@id\":\"https:\/\/lafagotiere.fr\/mentions-legales\/#breadcrumb\",\"itemListElement\":[{\"@type\":\"ListItem\",\"position\":1,\"name\":\"Accueil\",\"item\":\"https:\/\/lafagotiere.fr\/\"},{\"@type\":\"ListItem\",\"position\":2,\"name\":\"Mentions L\u00e9gales\"}]},{\"@type\":\"WebSite\",\"@id\":\"https:\/\/lafagotiere.fr\/#website\",\"url\":\"https:\/\/lafagotiere.fr\/\",\"name\":\"Domaine de la fagoti\u00e8re\",\"description\":\"Site r\u00e9alis\u00e9 par Curtis Com\",\"publisher\":{\"@id\":\"https:\/\/lafagotiere.fr\/#organization\"},\"potentialAction\":[{\"@type\":\"SearchAction\",\"target\":{\"@type\":\"EntryPoint\",\"urlTemplate\":\"https:\/\/lafagotiere.fr\/?s={search_term_string}\"},\"query-input\":\"required name=search_term_string\"}],\"inLanguage\":\"en-GB\"},{\"@type\":\"Organization\",\"@id\":\"https:\/\/lafagotiere.fr\/#organization\",\"name\":\"Domaine de la fagoti\u00e8re\",\"url\":\"https:\/\/lafagotiere.fr\/\",\"logo\":{\"@type\":\"ImageObject\",\"inLanguage\":\"en-GB\",\"@id\":\"https:\/\/lafagotiere.fr\/#\/schema\/logo\/image\/\",\"url\":\"https:\/\/lafagotiere.fr\/wp-content\/uploads\/2023\/05\/favicon-domaine-de-la-fagotiere-aoc-chateauneuf-du-pape-a-orange-84.jpg\",\"contentUrl\":\"https:\/\/lafagotiere.fr\/wp-content\/uploads\/2023\/05\/favicon-domaine-de-la-fagotiere-aoc-chateauneuf-du-pape-a-orange-84.jpg\",\"width\":500,\"height\":500,\"caption\":\"Domaine de la fagoti\u00e8re\"},\"image\":{\"@id\":\"https:\/\/lafagotiere.fr\/#\/schema\/logo\/image\/\"}}]}<\/script>\n<!-- \/ Yoast SEO plugin. -->","yoast_head_json":{"title":"Mentions L\u00e9gales - Domaine de la fagoti\u00e8re","description":"Mentions l\u00e9gales du domaine de la Fagoti\u00e8re. Vins AOC ch\u00e2teauneuf-du-Pape et C\u00f4tes du Rh\u00f4nes depuis 5 g\u00e9n\u00e9rations.","robots":{"index":"noindex","follow":"follow"},"og_locale":"en_GB","og_type":"article","og_title":"Mentions L\u00e9gales - Domaine de la fagoti\u00e8re","og_description":"Mentions l\u00e9gales du domaine de la Fagoti\u00e8re. Vins AOC ch\u00e2teauneuf-du-Pape et C\u00f4tes du Rh\u00f4nes depuis 5 g\u00e9n\u00e9rations.","og_url":"https:\/\/lafagotiere.fr\/en\/mentions-legales\/","og_site_name":"Domaine de la fagoti\u00e8re","article_modified_time":"2023-05-24T08:42:59+00:00","twitter_card":"summary_large_image","twitter_misc":{"Estimated reading time":"4 minutes"},"schema":{"@context":"https:\/\/schema.org","@graph":[{"@type":"WebPage","@id":"https:\/\/lafagotiere.fr\/mentions-legales\/","url":"https:\/\/lafagotiere.fr\/mentions-legales\/","name":"Mentions L\u00e9gales - Domaine de la fagoti\u00e8re","isPartOf":{"@id":"https:\/\/lafagotiere.fr\/#website"},"datePublished":"2023-03-09T15:13:36+00:00","dateModified":"2023-05-24T08:42:59+00:00","description":"Mentions l\u00e9gales du domaine de la Fagoti\u00e8re. Vins AOC ch\u00e2teauneuf-du-Pape et C\u00f4tes du Rh\u00f4nes depuis 5 g\u00e9n\u00e9rations.","breadcrumb":{"@id":"https:\/\/lafagotiere.fr\/mentions-legales\/#breadcrumb"},"inLanguage":"en-GB","potentialAction":[{"@type":"ReadAction","target":["https:\/\/lafagotiere.fr\/mentions-legales\/"]}]},{"@type":"BreadcrumbList","@id":"https:\/\/lafagotiere.fr\/mentions-legales\/#breadcrumb","itemListElement":[{"@type":"ListItem","position":1,"name":"Accueil","item":"https:\/\/lafagotiere.fr\/"},{"@type":"ListItem","position":2,"name":"Mentions L\u00e9gales"}]},{"@type":"WebSite","@id":"https:\/\/lafagotiere.fr\/#website","url":"https:\/\/lafagotiere.fr\/","name":"Domaine de la fagoti\u00e8re","description":"Site r\u00e9alis\u00e9 par Curtis Com","publisher":{"@id":"https:\/\/lafagotiere.fr\/#organization"},"potentialAction":[{"@type":"SearchAction","target":{"@type":"EntryPoint","urlTemplate":"https:\/\/lafagotiere.fr\/?s={search_term_string}"},"query-input":"required name=search_term_string"}],"inLanguage":"en-GB"},{"@type":"Organization","@id":"https:\/\/lafagotiere.fr\/#organization","name":"Domaine de la fagoti\u00e8re","url":"https:\/\/lafagotiere.fr\/","logo":{"@type":"ImageObject","inLanguage":"en-GB","@id":"https:\/\/lafagotiere.fr\/#\/schema\/logo\/image\/","url":"https:\/\/lafagotiere.fr\/wp-content\/uploads\/2023\/05\/favicon-domaine-de-la-fagotiere-aoc-chateauneuf-du-pape-a-orange-84.jpg","contentUrl":"https:\/\/lafagotiere.fr\/wp-content\/uploads\/2023\/05\/favicon-domaine-de-la-fagotiere-aoc-chateauneuf-du-pape-a-orange-84.jpg","width":500,"height":500,"caption":"Domaine de la fagoti\u00e8re"},"image":{"@id":"https:\/\/lafagotiere.fr\/#\/schema\/logo\/image\/"}}]}},"_links":{"self":[{"href":"https:\/\/lafagotiere.fr\/en\/wp-json\/wp\/v2\/pages\/406","targetHints":{"allow":["GET"]}}],"collection":[{"href":"https:\/\/lafagotiere.fr\/en\/wp-json\/wp\/v2\/pages"}],"about":[{"href":"https:\/\/lafagotiere.fr\/en\/wp-json\/wp\/v2\/types\/page"}],"author":[{"embeddable":true,"href":"https:\/\/lafagotiere.fr\/en\/wp-json\/wp\/v2\/users\/1"}],"replies":[{"embeddable":true,"href":"https:\/\/lafagotiere.fr\/en\/wp-json\/wp\/v2\/comments?post=406"}],"version-history":[{"count":2,"href":"https:\/\/lafagotiere.fr\/en\/wp-json\/wp\/v2\/pages\/406\/revisions"}],"predecessor-version":[{"id":71820,"href":"https:\/\/lafagotiere.fr\/en\/wp-json\/wp\/v2\/pages\/406\/revisions\/71820"}],"wp:attachment":[{"href":"https:\/\/lafagotiere.fr\/en\/wp-json\/wp\/v2\/media?parent=406"}],"curies":[{"name":"wp","href":"https:\/\/api.w.org\/{rel}","templated":true}]}}