{"id":7917,"date":"2023-04-11T11:11:22","date_gmt":"2023-04-11T09:11:22","guid":{"rendered":"http:\/\/lafagotiere.fr\/?post_type=product&#038;p=7917"},"modified":"2023-04-18T10:13:33","modified_gmt":"2023-04-18T08:13:33","slug":"cuvee-m-cote-du-rhone-rouge-2021","status":"publish","type":"product","link":"https:\/\/lafagotiere.fr\/en\/product\/cuvee-m-cote-du-rhone-rouge-2021\/","title":{"rendered":"Cuv\u00e9e M - Red C\u00f4tes du Rh\u00f4ne 2021"},"content":{"rendered":"","protected":false},"excerpt":{"rendered":"","protected":false},"featured_media":11363,"template":"","meta":{"_et_pb_use_builder":"","_et_pb_old_content":"","_et_gb_content_width":""},"product_cat":[16],"product_tag":[26,27],"class_list":{"0":"post-7917","1":"product","2":"type-product","3":"status-publish","4":"has-post-thumbnail","6":"product_cat-non-classe","7":"product_tag-vin-chateauneuf-du-pape","8":"product_tag-vin-rouge","10":"first","11":"instock","12":"shipping-taxable","13":"product-type-simple"},"yoast_head":"<!-- This site is optimized with the Yoast SEO plugin v22.7 - https:\/\/yoast.com\/wordpress\/plugins\/seo\/ -->\n<title>Cuv\u00e9e M - C\u00f4tes du Rh\u00f4ne rouge 2021 - Domaine de la fagoti\u00e8re<\/title>\n<meta name=\"description\" content=\"Cuv\u00e9e M - C\u00f4tes du Rh\u00f4ne rouge 2021 du Domaine de la Fagoti\u00e8re. Ce vin fruit\u00e9, \u00e9l\u00e9gant et soyeux s&#039;associera \u00e0 vos grillades et barbecues.\" \/>\n<meta name=\"robots\" content=\"index, follow, max-snippet:-1, max-image-preview:large, max-video-preview:-1\" \/>\n<link rel=\"canonical\" href=\"https:\/\/lafagotiere.fr\/en\/product\/cuvee-m-cote-du-rhone-rouge-2021\/\" \/>\n<meta property=\"og:locale\" content=\"en_GB\" \/>\n<meta property=\"og:type\" content=\"article\" \/>\n<meta property=\"og:title\" content=\"Cuv\u00e9e M - C\u00f4tes du Rh\u00f4ne rouge 2021 - Domaine de la fagoti\u00e8re\" \/>\n<meta property=\"og:description\" content=\"Cuv\u00e9e M - C\u00f4tes du Rh\u00f4ne rouge 2021 du Domaine de la Fagoti\u00e8re. Ce vin fruit\u00e9, \u00e9l\u00e9gant et soyeux s&#039;associera \u00e0 vos grillades et barbecues.\" \/>\n<meta property=\"og:url\" content=\"https:\/\/lafagotiere.fr\/en\/product\/cuvee-m-cote-du-rhone-rouge-2021\/\" \/>\n<meta property=\"og:site_name\" content=\"Domaine de la fagoti\u00e8re\" \/>\n<meta property=\"article:modified_time\" content=\"2023-04-18T08:13:33+00:00\" \/>\n<meta property=\"og:image\" content=\"http:\/\/lafagotiere.fr\/wp-content\/uploads\/2023\/04\/Cuvee-M-cotes-du-rhone-rouge-2021-Domaine-de-la-Fagotiere-Orange-84.png\" \/>\n\t<meta property=\"og:image:width\" content=\"800\" \/>\n\t<meta property=\"og:image:height\" content=\"800\" \/>\n\t<meta property=\"og:image:type\" content=\"image\/png\" \/>\n<meta name=\"twitter:card\" content=\"summary_large_image\" \/>\n<script type=\"application\/ld+json\" class=\"yoast-schema-graph\">{\"@context\":\"https:\/\/schema.org\",\"@graph\":[{\"@type\":\"WebPage\",\"@id\":\"https:\/\/lafagotiere.fr\/produit\/cuvee-m-cote-du-rhone-rouge-2021\/\",\"url\":\"https:\/\/lafagotiere.fr\/produit\/cuvee-m-cote-du-rhone-rouge-2021\/\",\"name\":\"Cuv\u00e9e M - C\u00f4tes du Rh\u00f4ne rouge 2021 - Domaine de la fagoti\u00e8re\",\"isPartOf\":{\"@id\":\"https:\/\/lafagotiere.fr\/#website\"},\"primaryImageOfPage\":{\"@id\":\"https:\/\/lafagotiere.fr\/produit\/cuvee-m-cote-du-rhone-rouge-2021\/#primaryimage\"},\"image\":{\"@id\":\"https:\/\/lafagotiere.fr\/produit\/cuvee-m-cote-du-rhone-rouge-2021\/#primaryimage\"},\"thumbnailUrl\":\"https:\/\/lafagotiere.fr\/wp-content\/uploads\/2023\/04\/Cuvee-M-cotes-du-rhone-rouge-2021-Domaine-de-la-Fagotiere-Orange-84.png\",\"datePublished\":\"2023-04-11T09:11:22+00:00\",\"dateModified\":\"2023-04-18T08:13:33+00:00\",\"description\":\"Cuv\u00e9e M - C\u00f4tes du Rh\u00f4ne rouge 2021 du Domaine de la Fagoti\u00e8re. Ce vin fruit\u00e9, \u00e9l\u00e9gant et soyeux s'associera \u00e0 vos grillades et barbecues.\",\"breadcrumb\":{\"@id\":\"https:\/\/lafagotiere.fr\/produit\/cuvee-m-cote-du-rhone-rouge-2021\/#breadcrumb\"},\"inLanguage\":\"en-GB\",\"potentialAction\":[{\"@type\":\"ReadAction\",\"target\":[\"https:\/\/lafagotiere.fr\/produit\/cuvee-m-cote-du-rhone-rouge-2021\/\"]}]},{\"@type\":\"ImageObject\",\"inLanguage\":\"en-GB\",\"@id\":\"https:\/\/lafagotiere.fr\/produit\/cuvee-m-cote-du-rhone-rouge-2021\/#primaryimage\",\"url\":\"https:\/\/lafagotiere.fr\/wp-content\/uploads\/2023\/04\/Cuvee-M-cotes-du-rhone-rouge-2021-Domaine-de-la-Fagotiere-Orange-84.png\",\"contentUrl\":\"https:\/\/lafagotiere.fr\/wp-content\/uploads\/2023\/04\/Cuvee-M-cotes-du-rhone-rouge-2021-Domaine-de-la-Fagotiere-Orange-84.png\",\"width\":800,\"height\":800,\"caption\":\"Bouteille Cuv\u00e9e M - C\u00f4te du Rh\u00f4ne rouge 2021 du Domaine de la Fagoti\u00e8re \u00e0 Orange\"},{\"@type\":\"BreadcrumbList\",\"@id\":\"https:\/\/lafagotiere.fr\/produit\/cuvee-m-cote-du-rhone-rouge-2021\/#breadcrumb\",\"itemListElement\":[{\"@type\":\"ListItem\",\"position\":1,\"name\":\"Accueil\",\"item\":\"https:\/\/lafagotiere.fr\/\"},{\"@type\":\"ListItem\",\"position\":2,\"name\":\"Nos vins\",\"item\":\"https:\/\/lafagotiere.fr\/nos-vins\/\"},{\"@type\":\"ListItem\",\"position\":3,\"name\":\"Cuv\u00e9e M &#8211; C\u00f4tes du Rh\u00f4ne rouge 2021\"}]},{\"@type\":\"WebSite\",\"@id\":\"https:\/\/lafagotiere.fr\/#website\",\"url\":\"https:\/\/lafagotiere.fr\/\",\"name\":\"Domaine de la fagoti\u00e8re\",\"description\":\"Site r\u00e9alis\u00e9 par Curtis Com\",\"publisher\":{\"@id\":\"https:\/\/lafagotiere.fr\/#organization\"},\"potentialAction\":[{\"@type\":\"SearchAction\",\"target\":{\"@type\":\"EntryPoint\",\"urlTemplate\":\"https:\/\/lafagotiere.fr\/?s={search_term_string}\"},\"query-input\":\"required name=search_term_string\"}],\"inLanguage\":\"en-GB\"},{\"@type\":\"Organization\",\"@id\":\"https:\/\/lafagotiere.fr\/#organization\",\"name\":\"Domaine de la fagoti\u00e8re\",\"url\":\"https:\/\/lafagotiere.fr\/\",\"logo\":{\"@type\":\"ImageObject\",\"inLanguage\":\"en-GB\",\"@id\":\"https:\/\/lafagotiere.fr\/#\/schema\/logo\/image\/\",\"url\":\"https:\/\/lafagotiere.fr\/wp-content\/uploads\/2023\/05\/favicon-domaine-de-la-fagotiere-aoc-chateauneuf-du-pape-a-orange-84.jpg\",\"contentUrl\":\"https:\/\/lafagotiere.fr\/wp-content\/uploads\/2023\/05\/favicon-domaine-de-la-fagotiere-aoc-chateauneuf-du-pape-a-orange-84.jpg\",\"width\":500,\"height\":500,\"caption\":\"Domaine de la fagoti\u00e8re\"},\"image\":{\"@id\":\"https:\/\/lafagotiere.fr\/#\/schema\/logo\/image\/\"}}]}<\/script>\n<!-- \/ Yoast SEO plugin. -->","yoast_head_json":{"title":"Cuv\u00e9e M - C\u00f4tes du Rh\u00f4ne rouge 2021 - Domaine de la fagoti\u00e8re","description":"Cuv\u00e9e M - C\u00f4tes du Rh\u00f4ne rouge 2021 du Domaine de la Fagoti\u00e8re. Ce vin fruit\u00e9, \u00e9l\u00e9gant et soyeux s'associera \u00e0 vos grillades et barbecues.","robots":{"index":"index","follow":"follow","max-snippet":"max-snippet:-1","max-image-preview":"max-image-preview:large","max-video-preview":"max-video-preview:-1"},"canonical":"https:\/\/lafagotiere.fr\/en\/product\/cuvee-m-cote-du-rhone-rouge-2021\/","og_locale":"en_GB","og_type":"article","og_title":"Cuv\u00e9e M - C\u00f4tes du Rh\u00f4ne rouge 2021 - Domaine de la fagoti\u00e8re","og_description":"Cuv\u00e9e M - C\u00f4tes du Rh\u00f4ne rouge 2021 du Domaine de la Fagoti\u00e8re. Ce vin fruit\u00e9, \u00e9l\u00e9gant et soyeux s'associera \u00e0 vos grillades et barbecues.","og_url":"https:\/\/lafagotiere.fr\/en\/product\/cuvee-m-cote-du-rhone-rouge-2021\/","og_site_name":"Domaine de la fagoti\u00e8re","article_modified_time":"2023-04-18T08:13:33+00:00","og_image":[{"width":800,"height":800,"url":"http:\/\/lafagotiere.fr\/wp-content\/uploads\/2023\/04\/Cuvee-M-cotes-du-rhone-rouge-2021-Domaine-de-la-Fagotiere-Orange-84.png","type":"image\/png"}],"twitter_card":"summary_large_image","schema":{"@context":"https:\/\/schema.org","@graph":[{"@type":"WebPage","@id":"https:\/\/lafagotiere.fr\/produit\/cuvee-m-cote-du-rhone-rouge-2021\/","url":"https:\/\/lafagotiere.fr\/produit\/cuvee-m-cote-du-rhone-rouge-2021\/","name":"Cuv\u00e9e M - C\u00f4tes du Rh\u00f4ne rouge 2021 - Domaine de la fagoti\u00e8re","isPartOf":{"@id":"https:\/\/lafagotiere.fr\/#website"},"primaryImageOfPage":{"@id":"https:\/\/lafagotiere.fr\/produit\/cuvee-m-cote-du-rhone-rouge-2021\/#primaryimage"},"image":{"@id":"https:\/\/lafagotiere.fr\/produit\/cuvee-m-cote-du-rhone-rouge-2021\/#primaryimage"},"thumbnailUrl":"https:\/\/lafagotiere.fr\/wp-content\/uploads\/2023\/04\/Cuvee-M-cotes-du-rhone-rouge-2021-Domaine-de-la-Fagotiere-Orange-84.png","datePublished":"2023-04-11T09:11:22+00:00","dateModified":"2023-04-18T08:13:33+00:00","description":"Cuv\u00e9e M - C\u00f4tes du Rh\u00f4ne rouge 2021 du Domaine de la Fagoti\u00e8re. Ce vin fruit\u00e9, \u00e9l\u00e9gant et soyeux s'associera \u00e0 vos grillades et barbecues.","breadcrumb":{"@id":"https:\/\/lafagotiere.fr\/produit\/cuvee-m-cote-du-rhone-rouge-2021\/#breadcrumb"},"inLanguage":"en-GB","potentialAction":[{"@type":"ReadAction","target":["https:\/\/lafagotiere.fr\/produit\/cuvee-m-cote-du-rhone-rouge-2021\/"]}]},{"@type":"ImageObject","inLanguage":"en-GB","@id":"https:\/\/lafagotiere.fr\/produit\/cuvee-m-cote-du-rhone-rouge-2021\/#primaryimage","url":"https:\/\/lafagotiere.fr\/wp-content\/uploads\/2023\/04\/Cuvee-M-cotes-du-rhone-rouge-2021-Domaine-de-la-Fagotiere-Orange-84.png","contentUrl":"https:\/\/lafagotiere.fr\/wp-content\/uploads\/2023\/04\/Cuvee-M-cotes-du-rhone-rouge-2021-Domaine-de-la-Fagotiere-Orange-84.png","width":800,"height":800,"caption":"Bouteille Cuv\u00e9e M - C\u00f4te du Rh\u00f4ne rouge 2021 du Domaine de la Fagoti\u00e8re \u00e0 Orange"},{"@type":"BreadcrumbList","@id":"https:\/\/lafagotiere.fr\/produit\/cuvee-m-cote-du-rhone-rouge-2021\/#breadcrumb","itemListElement":[{"@type":"ListItem","position":1,"name":"Accueil","item":"https:\/\/lafagotiere.fr\/"},{"@type":"ListItem","position":2,"name":"Nos vins","item":"https:\/\/lafagotiere.fr\/nos-vins\/"},{"@type":"ListItem","position":3,"name":"Cuv\u00e9e M &#8211; C\u00f4tes du Rh\u00f4ne rouge 2021"}]},{"@type":"WebSite","@id":"https:\/\/lafagotiere.fr\/#website","url":"https:\/\/lafagotiere.fr\/","name":"Domaine de la fagoti\u00e8re","description":"Site r\u00e9alis\u00e9 par Curtis Com","publisher":{"@id":"https:\/\/lafagotiere.fr\/#organization"},"potentialAction":[{"@type":"SearchAction","target":{"@type":"EntryPoint","urlTemplate":"https:\/\/lafagotiere.fr\/?s={search_term_string}"},"query-input":"required name=search_term_string"}],"inLanguage":"en-GB"},{"@type":"Organization","@id":"https:\/\/lafagotiere.fr\/#organization","name":"Domaine de la fagoti\u00e8re","url":"https:\/\/lafagotiere.fr\/","logo":{"@type":"ImageObject","inLanguage":"en-GB","@id":"https:\/\/lafagotiere.fr\/#\/schema\/logo\/image\/","url":"https:\/\/lafagotiere.fr\/wp-content\/uploads\/2023\/05\/favicon-domaine-de-la-fagotiere-aoc-chateauneuf-du-pape-a-orange-84.jpg","contentUrl":"https:\/\/lafagotiere.fr\/wp-content\/uploads\/2023\/05\/favicon-domaine-de-la-fagotiere-aoc-chateauneuf-du-pape-a-orange-84.jpg","width":500,"height":500,"caption":"Domaine de la fagoti\u00e8re"},"image":{"@id":"https:\/\/lafagotiere.fr\/#\/schema\/logo\/image\/"}}]}},"_links":{"self":[{"href":"https:\/\/lafagotiere.fr\/en\/wp-json\/wp\/v2\/product\/7917","targetHints":{"allow":["GET"]}}],"collection":[{"href":"https:\/\/lafagotiere.fr\/en\/wp-json\/wp\/v2\/product"}],"about":[{"href":"https:\/\/lafagotiere.fr\/en\/wp-json\/wp\/v2\/types\/product"}],"wp:featuredmedia":[{"embeddable":true,"href":"https:\/\/lafagotiere.fr\/en\/wp-json\/wp\/v2\/media\/11363"}],"wp:attachment":[{"href":"https:\/\/lafagotiere.fr\/en\/wp-json\/wp\/v2\/media?parent=7917"}],"wp:term":[{"taxonomy":"product_cat","embeddable":true,"href":"https:\/\/lafagotiere.fr\/en\/wp-json\/wp\/v2\/product_cat?post=7917"},{"taxonomy":"product_tag","embeddable":true,"href":"https:\/\/lafagotiere.fr\/en\/wp-json\/wp\/v2\/product_tag?post=7917"}],"curies":[{"name":"wp","href":"https:\/\/api.w.org\/{rel}","templated":true}]}}